{"id":2915,"date":"2023-08-09T07:57:37","date_gmt":"2023-08-09T07:57:37","guid":{"rendered":"https:\/\/datarecrutement.fr\/actualites\/?page_id=2915"},"modified":"2024-01-11T11:59:53","modified_gmt":"2024-01-11T11:59:53","slug":"nos-actualites-2","status":"publish","type":"page","link":"https:\/\/datarecrutement.fr\/actualites\/","title":{"rendered":"D\u00e9couvre les ressources de notre communaut\u00e9 : +500 startups, +10000 talents, 30 head hunters et +200 C-Level."},"content":{"rendered":"\n<p><\/p>\n\n\n\n<p><\/p>\n\n\n<h2 class=\"gmail_default\" style=\"text-align: center;\"><strong>Acc\u00e9dez aux ressources du cabinet de chasse des plus belles techs fran\u00e7aises.\u00a0<\/strong><\/h2>\n\n\n<div id=\"ymc-smart-filter-container-1\" \r\n\t\t\t\t  class=\"ymc-smart-filter-container ymc-filter-2917 ymc-loaded-filter ymc-filter-layout1 ymc-post-custom-layout ymc-pagination-numeric data-target-ymc2917-1 data-target-ymc1 \" data-loading=\"true\"\r\n\t\t\t\t  data-params='{\"cpt\":\"post\",\"tax\":\"category\",\"terms\":\"49,11,29,48,9,8,7,10,28\",\"default_terms\":\"\",\"exclude_posts\":\"off\",\"choices_posts\":\"\",\"posts_selected\":\"all\",\"preloader_icon\":\"preloader_1\",\"type_pg\":\"numeric\",\"per_page\":\"12\",\"page\":\"1\",\"page_scroll\":\"1\",\"preloader_filters\":\"none\",\"preloader_filters_rate\":\"0.5\",\"preloader_filters_custom\":\"\",\"post_animation\":\"\",\"popup_animation\":\"normal\",\"letter\":\"\",\"post_layout\":\"post-custom-layout\",\"filter_layout\":\"filter-layout1\",\"filter_id\":\"2917\",\"search\":\"\",\"search_filtered_posts\":\"0\",\"carousel_params\":&quot;&quot;,\"filter_date\":\"\",\"sort_order\":\"\",\"sort_orderby\":\"\",\"meta_key\":\"\",\"meta_query\":\"\",\"date_query\":\"\",\"data_target\":\"data-target-ymc1\",\"target_id\":\"1\",\"page_id\":\"0\"}'>\r\n<div id=\"filter-layout1-1\" class=\"filter-layout filter-layout1 filter-layout1-2917 filter-layout1-2917-1\">\r\n\r\n\t\r\n    <ul class=\"filter-entry\">\r\n\r\n\t\t<li class=\"filter-item\">\r\n                      <a class=\"filter-link all active\" aria-label=\"All\" role=\"button\" data-selected=\"all\" data-termid=\"49,11,29,48,9,8,7,10,28\">All<\/a><\/li><li class='filter-item '>\r\n\t\t\t\t\t     <a class='filter-link     ' style='' aria-label='Toutes fonctions' role='button' data-selected='toutes-fonctions' data-termid='29'><span class=\"link-inner\">Toutes fonctions<\/span><\/a><\/li><li class='filter-item '>\r\n\t\t\t\t\t     <a class='filter-link     ' style='' aria-label='Tech' role='button' data-selected='tech' data-termid='9'><span class=\"link-inner\">Tech<\/span><\/a><\/li><li class='filter-item '>\r\n\t\t\t\t\t     <a class='filter-link     ' style='' aria-label='Sales &amp; Support' role='button' data-selected='sales-support' data-termid='10'><span class=\"link-inner\">Sales &amp; Support<\/span><\/a><\/li><li class='filter-item '>\r\n\t\t\t\t\t     <a class='filter-link     ' style='' aria-label='RH &amp; Finance' role='button' data-selected='rh-ressources-humaines-drh' data-termid='48'><span class=\"link-inner\">RH &amp; Finance<\/span><\/a><\/li><li class='filter-item '>\r\n\t\t\t\t\t     <a class='filter-link     ' style='' aria-label='Product &amp; Design' role='button' data-selected='product-design' data-termid='7'><span class=\"link-inner\">Product &amp; Design<\/span><\/a><\/li><li class='filter-item '>\r\n\t\t\t\t\t     <a class='filter-link     ' style='' aria-label='Marketing' role='button' data-selected='marketing' data-termid='28'><span class=\"link-inner\">Marketing<\/span><\/a><\/li><li class='filter-item '>\r\n\t\t\t\t\t     <a class='filter-link     ' style='' aria-label='Data' role='button' data-selected='data' data-termid='8'><span class=\"link-inner\">Data<\/span><\/a><\/li><li class='filter-item '>\r\n\t\t\t\t\t     <a class='filter-link     ' style='' aria-label='C-Level' role='button' data-selected='c-level' data-termid='49'><span class=\"link-inner\">C-Level<\/span><\/a><\/li><li class='filter-item '>\r\n\t\t\t\t\t     <a class='filter-link     ' style='' aria-label='Actualit\u00e9 g\u00e9n\u00e9rale' role='button' data-selected='actualite-generale' data-termid='11'><span class=\"link-inner\">Actualit\u00e9 g\u00e9n\u00e9rale<\/span><\/a><\/li>\r\n\t<\/ul>\r\n\r\n    <div class=\"posts-found\"><\/div>\r\n\r\n    \r\n<\/div>\r\n\r\n\r\n\r\n<div class=\"container-posts container-post-custom-layout\"><div class=\"post-entry ymc-xs-col-1 ymc-sm-col-2 ymc-md-col-3 ymc-lg-col-4 ymc-xl-col-4 ymc-xxl-col-4 post-custom-layout post-custom-layout-2917 post-custom-layout-2917-1\"><\/div><\/div><\/div>","protected":false},"excerpt":{"rendered":"<p>Acc\u00e9dez aux ressources du cabinet de chasse des plus belles techs fran\u00e7aises.\u00a0<\/p>\n","protected":false},"author":4,"featured_media":0,"parent":0,"menu_order":0,"comment_status":"closed","ping_status":"closed","template":"","meta":{"footnotes":""},"class_list":["post-2915","page","type-page","status-publish","hentry"],"yoast_head":"<!-- This site is optimized with the Yoast SEO plugin v27.4 - https:\/\/yoast.com\/product\/yoast-seo-wordpress\/ -->\n<title>D\u00e9couvre les ressources de notre communaut\u00e9 : +500 startups, +10000 talents, 30 head hunters et +200 C-Level. - Data Recrutement actualites<\/title>\n<meta name=\"description\" content=\"Suivez Data Recrutement : le cabinet de chasse au coeur de la Frentech.\" \/>\n<meta name=\"robots\" content=\"index, follow, max-snippet:-1, max-image-preview:large, max-video-preview:-1\" \/>\n<link rel=\"canonical\" href=\"https:\/\/datarecrutement.fr\/actualites\/\" \/>\n<meta property=\"og:locale\" content=\"fr_FR\" \/>\n<meta property=\"og:type\" content=\"article\" \/>\n<meta property=\"og:title\" content=\"D\u00e9couvre les ressources de notre communaut\u00e9 : +500 startups, +10000 talents, 30 head hunters et +200 C-Level. - Data Recrutement actualites\" \/>\n<meta property=\"og:description\" content=\"Suivez Data Recrutement : le cabinet de chasse au coeur de la Frentech.\" \/>\n<meta property=\"og:url\" content=\"https:\/\/datarecrutement.fr\/actualites\/\" \/>\n<meta property=\"og:site_name\" content=\"Data Recrutement actualites\" \/>\n<meta property=\"article:modified_time\" content=\"2024-01-11T11:59:53+00:00\" \/>\n<meta name=\"twitter:card\" content=\"summary_large_image\" \/>\n<meta name=\"twitter:label1\" content=\"Dur\u00e9e de lecture estim\u00e9e\" \/>\n\t<meta name=\"twitter:data1\" content=\"1 minute\" \/>\n<script type=\"application\/ld+json\" class=\"yoast-schema-graph\">{\"@context\":\"https:\\\/\\\/schema.org\",\"@graph\":[{\"@type\":\"WebPage\",\"@id\":\"https:\\\/\\\/datarecrutement.fr\\\/actualites\\\/\",\"url\":\"https:\\\/\\\/datarecrutement.fr\\\/actualites\\\/\",\"name\":\"D\u00e9couvre les ressources de notre communaut\u00e9 : +500 startups, +10000 talents, 30 head hunters et +200 C-Level. - Data Recrutement actualites\",\"isPartOf\":{\"@id\":\"https:\\\/\\\/datarecrutement.fr\\\/actualites\\\/#website\"},\"datePublished\":\"2023-08-09T07:57:37+00:00\",\"dateModified\":\"2024-01-11T11:59:53+00:00\",\"description\":\"Suivez Data Recrutement : le cabinet de chasse au coeur de la Frentech.\",\"breadcrumb\":{\"@id\":\"https:\\\/\\\/datarecrutement.fr\\\/actualites\\\/#breadcrumb\"},\"inLanguage\":\"fr-FR\",\"potentialAction\":[{\"@type\":\"ReadAction\",\"target\":[\"https:\\\/\\\/datarecrutement.fr\\\/actualites\\\/\"]}]},{\"@type\":\"BreadcrumbList\",\"@id\":\"https:\\\/\\\/datarecrutement.fr\\\/actualites\\\/#breadcrumb\",\"itemListElement\":[{\"@type\":\"ListItem\",\"position\":1,\"name\":\"Accueil\",\"item\":\"https:\\\/\\\/datarecrutement.fr\\\/actualites\\\/\"},{\"@type\":\"ListItem\",\"position\":2,\"name\":\"D\u00e9couvre les ressources de notre communaut\u00e9 : +500 startups, +10000 talents, 30 head hunters et +200 C-Level.\"}]},{\"@type\":\"WebSite\",\"@id\":\"https:\\\/\\\/datarecrutement.fr\\\/actualites\\\/#website\",\"url\":\"https:\\\/\\\/datarecrutement.fr\\\/actualites\\\/\",\"name\":\"Data Recrutement actualites\",\"description\":\"blog\",\"potentialAction\":[{\"@type\":\"SearchAction\",\"target\":{\"@type\":\"EntryPoint\",\"urlTemplate\":\"https:\\\/\\\/datarecrutement.fr\\\/actualites\\\/?s={search_term_string}\"},\"query-input\":{\"@type\":\"PropertyValueSpecification\",\"valueRequired\":true,\"valueName\":\"search_term_string\"}}],\"inLanguage\":\"fr-FR\"}]}<\/script>\n<!-- \/ Yoast SEO plugin. -->","yoast_head_json":{"title":"D\u00e9couvre les ressources de notre communaut\u00e9 : +500 startups, +10000 talents, 30 head hunters et +200 C-Level. - Data Recrutement actualites","description":"Suivez Data Recrutement : le cabinet de chasse au coeur de la Frentech.","robots":{"index":"index","follow":"follow","max-snippet":"max-snippet:-1","max-image-preview":"max-image-preview:large","max-video-preview":"max-video-preview:-1"},"canonical":"https:\/\/datarecrutement.fr\/actualites\/","og_locale":"fr_FR","og_type":"article","og_title":"D\u00e9couvre les ressources de notre communaut\u00e9 : +500 startups, +10000 talents, 30 head hunters et +200 C-Level. - Data Recrutement actualites","og_description":"Suivez Data Recrutement : le cabinet de chasse au coeur de la Frentech.","og_url":"https:\/\/datarecrutement.fr\/actualites\/","og_site_name":"Data Recrutement actualites","article_modified_time":"2024-01-11T11:59:53+00:00","twitter_card":"summary_large_image","twitter_misc":{"Dur\u00e9e de lecture estim\u00e9e":"1 minute"},"schema":{"@context":"https:\/\/schema.org","@graph":[{"@type":"WebPage","@id":"https:\/\/datarecrutement.fr\/actualites\/","url":"https:\/\/datarecrutement.fr\/actualites\/","name":"D\u00e9couvre les ressources de notre communaut\u00e9 : +500 startups, +10000 talents, 30 head hunters et +200 C-Level. - Data Recrutement actualites","isPartOf":{"@id":"https:\/\/datarecrutement.fr\/actualites\/#website"},"datePublished":"2023-08-09T07:57:37+00:00","dateModified":"2024-01-11T11:59:53+00:00","description":"Suivez Data Recrutement : le cabinet de chasse au coeur de la Frentech.","breadcrumb":{"@id":"https:\/\/datarecrutement.fr\/actualites\/#breadcrumb"},"inLanguage":"fr-FR","potentialAction":[{"@type":"ReadAction","target":["https:\/\/datarecrutement.fr\/actualites\/"]}]},{"@type":"BreadcrumbList","@id":"https:\/\/datarecrutement.fr\/actualites\/#breadcrumb","itemListElement":[{"@type":"ListItem","position":1,"name":"Accueil","item":"https:\/\/datarecrutement.fr\/actualites\/"},{"@type":"ListItem","position":2,"name":"D\u00e9couvre les ressources de notre communaut\u00e9 : +500 startups, +10000 talents, 30 head hunters et +200 C-Level."}]},{"@type":"WebSite","@id":"https:\/\/datarecrutement.fr\/actualites\/#website","url":"https:\/\/datarecrutement.fr\/actualites\/","name":"Data Recrutement actualites","description":"blog","potentialAction":[{"@type":"SearchAction","target":{"@type":"EntryPoint","urlTemplate":"https:\/\/datarecrutement.fr\/actualites\/?s={search_term_string}"},"query-input":{"@type":"PropertyValueSpecification","valueRequired":true,"valueName":"search_term_string"}}],"inLanguage":"fr-FR"}]}},"_links":{"self":[{"href":"https:\/\/datarecrutement.fr\/actualites\/wp-json\/wp\/v2\/pages\/2915","targetHints":{"allow":["GET"]}}],"collection":[{"href":"https:\/\/datarecrutement.fr\/actualites\/wp-json\/wp\/v2\/pages"}],"about":[{"href":"https:\/\/datarecrutement.fr\/actualites\/wp-json\/wp\/v2\/types\/page"}],"author":[{"embeddable":true,"href":"https:\/\/datarecrutement.fr\/actualites\/wp-json\/wp\/v2\/users\/4"}],"replies":[{"embeddable":true,"href":"https:\/\/datarecrutement.fr\/actualites\/wp-json\/wp\/v2\/comments?post=2915"}],"version-history":[{"count":5,"href":"https:\/\/datarecrutement.fr\/actualites\/wp-json\/wp\/v2\/pages\/2915\/revisions"}],"predecessor-version":[{"id":3221,"href":"https:\/\/datarecrutement.fr\/actualites\/wp-json\/wp\/v2\/pages\/2915\/revisions\/3221"}],"wp:attachment":[{"href":"https:\/\/datarecrutement.fr\/actualites\/wp-json\/wp\/v2\/media?parent=2915"}],"curies":[{"name":"wp","href":"https:\/\/api.w.org\/{rel}","templated":true}]}}